
{"id":2,"date":"2016-05-10T03:48:21","date_gmt":"2016-05-10T03:48:21","guid":{"rendered":"http:\/\/atastekstil.com\/?page_id=2"},"modified":"2022-09-24T14:11:40","modified_gmt":"2022-09-24T14:11:40","slug":"sample-page","status":"publish","type":"page","link":"https:\/\/atastekstil.com\/","title":{"rendered":""},"content":{"rendered":"\n<div class=\"wp-block-media-text alignwide has-media-on-the-right is-stacked-on-mobile is-vertically-aligned-center has-pale-ocean-gradient-background has-background\" style=\"grid-template-columns:auto 51%\"><figure class=\"wp-block-media-text__media\"><img loading=\"lazy\" width=\"600\" height=\"600\" src=\"https:\/\/atastekstil.com\/wp-content\/uploads\/2022\/09\/santoni-large-diameter-zenit-somteks-turkiye.jpg\" alt=\"\" class=\"wp-image-35 size-full\" srcset=\"https:\/\/atastekstil.com\/wp-content\/uploads\/2022\/09\/santoni-large-diameter-zenit-somteks-turkiye.jpg 600w, https:\/\/atastekstil.com\/wp-content\/uploads\/2022\/09\/santoni-large-diameter-zenit-somteks-turkiye-300x300.jpg 300w, https:\/\/atastekstil.com\/wp-content\/uploads\/2022\/09\/santoni-large-diameter-zenit-somteks-turkiye-150x150.jpg 150w, https:\/\/atastekstil.com\/wp-content\/uploads\/2022\/09\/santoni-large-diameter-zenit-somteks-turkiye-100x100.jpg 100w\" sizes=\"(max-width: 600px) 100vw, 600px\" \/><\/figure><div class=\"wp-block-media-text__content\">\n<div class=\"wp-container-1 wp-block-group\" style=\"padding-top:2em;padding-right:2em;padding-bottom:2em;padding-left:2em\"><div class=\"wp-block-group__inner-container\">\n<p style=\"font-size:36px;line-height:1.2\"><strong>MAK\u0130NA PARKURU<\/strong><\/p>\n\n\n\n<p><strong><mark style=\"background-color:rgba(0, 0, 0, 0)\" class=\"has-inline-color has-vivid-red-color\">3 ADET &#8211; SANTON ZEN\u0130T A\u00c7IKEN 32\/28 2022 MODEL <\/mark><\/strong><\/p>\n\n\n\n<p><mark style=\"background-color:rgba(0, 0, 0, 0)\" class=\"has-inline-color has-vivid-red-color\"><strong>2 ADET &#8211; SANTON ZEN\u0130T A\u00c7IKEN 32\/28 2022 MODEL<\/strong> <\/mark><\/p>\n\n\n\n<p class=\"has-extra-small-font-size\">ATA\u015e TEKST\u0130L-KAHRAMANMARA\u015e<\/p>\n<\/div><\/div>\n<\/div><\/div>\n\n\n\n<div class=\"wp-block-cover alignfull is-light\" style=\"min-height:100vh\"><span aria-hidden=\"true\" class=\"has-background-dim-100 wp-block-cover__gradient-background has-background-dim\" style=\"background-color:#ffffff\"><\/span><div class=\"wp-block-cover__inner-container\">\n<div class=\"wp-block-media-text alignwide is-stacked-on-mobile is-vertically-aligned-center is-image-fill\" style=\"grid-template-columns:56% auto\"><figure class=\"wp-block-media-text__media\" style=\"background-image:url(https:\/\/atastekstil.com\/wp-content\/uploads\/2022\/09\/ATAS-1024x846.jpg);background-position:50% 50%\"><img loading=\"lazy\" width=\"1024\" height=\"846\" src=\"https:\/\/atastekstil.com\/wp-content\/uploads\/2022\/09\/ATAS-1024x846.jpg\" alt=\"\" class=\"wp-image-36 size-full\" srcset=\"https:\/\/atastekstil.com\/wp-content\/uploads\/2022\/09\/ATAS-1024x846.jpg 1024w, https:\/\/atastekstil.com\/wp-content\/uploads\/2022\/09\/ATAS-300x248.jpg 300w, https:\/\/atastekstil.com\/wp-content\/uploads\/2022\/09\/ATAS-768x634.jpg 768w, https:\/\/atastekstil.com\/wp-content\/uploads\/2022\/09\/ATAS-1536x1269.jpg 1536w, https:\/\/atastekstil.com\/wp-content\/uploads\/2022\/09\/ATAS.jpg 2000w\" sizes=\"(max-width: 1024px) 100vw, 1024px\" \/><\/figure><div class=\"wp-block-media-text__content\">\n<h2 class=\"has-text-color\" style=\"color:#000000;font-size:32px\"><strong>B\u0130ZE ULA\u015eIN !<\/strong><\/h2>\n\n\n\n<p class=\"has-text-color\" style=\"color:#000000;font-size:17px\"> ADRES : <mark style=\"background-color:rgba(0, 0, 0, 0)\" class=\"has-inline-color has-vivid-red-color\"><strong>Gayberli, 28045. Sk. No:2, 46060 Oniki\u015fubat\/Kahramanmara\u015f<\/strong><\/mark><\/p>\n\n\n\n<p>TEL: 0544 870 88 68<\/p>\n\n\n\n<div class=\"wp-container-2 wp-block-buttons\">\n<div class=\"wp-block-button is-style-fill\"><a class=\"wp-block-button__link\">HEMEN ARA !<\/a><\/div>\n<\/div>\n<\/div><\/div>\n<\/div><\/div>\n\n\n\n<div class=\"wp-block-media-text alignwide has-media-on-the-right is-stacked-on-mobile is-vertically-aligned-center has-background\" style=\"background-color:#f1f5c7\"><figure class=\"wp-block-media-text__media\"><img loading=\"lazy\" width=\"1024\" height=\"576\" src=\"http:\/\/atastekstil.com\/wp-content\/uploads\/2022\/05\/wowen-1024x576.jpg\" alt=\"\" class=\"wp-image-13 size-full\" srcset=\"https:\/\/atastekstil.com\/wp-content\/uploads\/2022\/05\/wowen-1024x576.jpg 1024w, https:\/\/atastekstil.com\/wp-content\/uploads\/2022\/05\/wowen-300x169.jpg 300w, https:\/\/atastekstil.com\/wp-content\/uploads\/2022\/05\/wowen-768x432.jpg 768w, https:\/\/atastekstil.com\/wp-content\/uploads\/2022\/05\/wowen-1536x864.jpg 1536w, https:\/\/atastekstil.com\/wp-content\/uploads\/2022\/05\/wowen.jpg 1920w\" sizes=\"(max-width: 1024px) 100vw, 1024px\" \/><\/figure><div class=\"wp-block-media-text__content\">\n<div class=\"wp-container-3 wp-block-group\" style=\"padding-top:2em;padding-right:2em;padding-bottom:2em;padding-left:2em\"><div class=\"wp-block-group__inner-container\">\n<p style=\"font-size:36px;line-height:1.2\"><strong>\u00d6r\u00fcyoruz<\/strong><\/p>\n\n\n\n<p><\/p>\n\n\n\n<p class=\"has-extra-small-font-size\">ATA\u015e TEKST\u0130L-KAHRAMANMARA\u015e<\/p>\n<\/div><\/div>\n<\/div><\/div>\n\n\n\n<div class=\"wp-block-media-text alignwide is-stacked-on-mobile is-vertically-aligned-center has-background\" style=\"background-color:#fffdea\"><figure class=\"wp-block-media-text__media\"><img loading=\"lazy\" width=\"1024\" height=\"768\" src=\"http:\/\/atastekstil.com\/wp-content\/uploads\/2022\/05\/dokuboy-orgu-06-1024x768.jpg\" alt=\"\" class=\"wp-image-16 size-full\" srcset=\"https:\/\/atastekstil.com\/wp-content\/uploads\/2022\/05\/dokuboy-orgu-06-1024x768.jpg 1024w, https:\/\/atastekstil.com\/wp-content\/uploads\/2022\/05\/dokuboy-orgu-06-300x225.jpg 300w, https:\/\/atastekstil.com\/wp-content\/uploads\/2022\/05\/dokuboy-orgu-06-768x576.jpg 768w, https:\/\/atastekstil.com\/wp-content\/uploads\/2022\/05\/dokuboy-orgu-06-1536x1152.jpg 1536w, https:\/\/atastekstil.com\/wp-content\/uploads\/2022\/05\/dokuboy-orgu-06.jpg 1920w\" sizes=\"(max-width: 1024px) 100vw, 1024px\" \/><\/figure><div class=\"wp-block-media-text__content\">\n<div class=\"wp-container-4 wp-block-group\" style=\"padding-top:2em;padding-right:2em;padding-bottom:2em;padding-left:2em\"><div class=\"wp-block-group__inner-container\">\n<p style=\"font-size:36px;line-height:1.2\"><strong>\u00dcretiyoruz<\/strong><\/p>\n\n\n\n<p class=\"has-extra-small-font-size\">ATA\u015e TEKST\u0130L-KAHRAMANMARA\u015e<\/p>\n<\/div><\/div>\n<\/div><\/div>\n\n\n\n<div class=\"wp-block-media-text alignwide has-media-on-the-right is-stacked-on-mobile is-vertically-aligned-center has-background\" style=\"background-color:#f1f5c7\"><figure class=\"wp-block-media-text__media\"><img loading=\"lazy\" width=\"1024\" height=\"768\" src=\"http:\/\/atastekstil.com\/wp-content\/uploads\/2022\/05\/dokuboy-orgu-12-1024x768.jpg\" alt=\"\" class=\"wp-image-17 size-full\" srcset=\"https:\/\/atastekstil.com\/wp-content\/uploads\/2022\/05\/dokuboy-orgu-12-1024x768.jpg 1024w, https:\/\/atastekstil.com\/wp-content\/uploads\/2022\/05\/dokuboy-orgu-12-300x225.jpg 300w, https:\/\/atastekstil.com\/wp-content\/uploads\/2022\/05\/dokuboy-orgu-12-768x576.jpg 768w, https:\/\/atastekstil.com\/wp-content\/uploads\/2022\/05\/dokuboy-orgu-12-1536x1151.jpg 1536w, https:\/\/atastekstil.com\/wp-content\/uploads\/2022\/05\/dokuboy-orgu-12.jpg 1921w\" sizes=\"(max-width: 1024px) 100vw, 1024px\" \/><\/figure><div class=\"wp-block-media-text__content\">\n<div class=\"wp-container-5 wp-block-group\" style=\"padding-top:2em;padding-right:2em;padding-bottom:2em;padding-left:2em\"><div class=\"wp-block-group__inner-container\">\n<p style=\"font-size:36px;line-height:1.2\"><strong>Haz\u0131r hale getiriyoruz !<\/strong><\/p>\n\n\n\n<p class=\"has-extra-small-font-size\">ATA\u015e TEKST\u0130L-KAHRAMANMARA\u015e<\/p>\n<\/div><\/div>\n<\/div><\/div>\n\n\n\n<div class=\"wp-container-7 wp-block-group alignfull has-text-color has-background\" style=\"background-color:#ffffff;color:#000000\"><div class=\"wp-block-group__inner-container\">\n<div style=\"height:64px\" aria-hidden=\"true\" class=\"wp-block-spacer\"><\/div>\n\n\n\n<p class=\"has-text-align-center has-small-font-size\" style=\"line-height:.9\"><strong>\u0130LET\u0130\u015e\u0130M KURUN<\/strong><\/p>\n\n\n\n<h2 class=\"has-text-align-center\" id=\"schedule-a-visit\" style=\"font-size:59px;line-height:1.15\"><strong>\u0130LET\u0130\u015e\u0130M<\/strong><\/h2>\n\n\n\n<div class=\"wp-container-6 wp-block-buttons\">\n<div class=\"wp-block-button has-custom-width wp-block-button__width-50\"><a class=\"wp-block-button__link has-text-color has-background\" style=\"border-radius:50px;background-color:#000000;color:#ffffff\">0544 870 88 68<\/a><\/div>\n<\/div>\n\n\n\n<div style=\"height:64px\" aria-hidden=\"true\" class=\"wp-block-spacer\"><\/div>\n<\/div><\/div>\n","protected":false},"excerpt":{"rendered":"<p>\u0130LET\u0130\u015e\u0130M KURUN \u0130LET\u0130\u015e\u0130M<\/p>\n","protected":false},"author":1,"featured_media":0,"parent":0,"menu_order":0,"comment_status":"closed","ping_status":"open","template":"","meta":[],"_links":{"self":[{"href":"https:\/\/atastekstil.com\/index.php?rest_route=\/wp\/v2\/pages\/2"}],"collection":[{"href":"https:\/\/atastekstil.com\/index.php?rest_route=\/wp\/v2\/pages"}],"about":[{"href":"https:\/\/atastekstil.com\/index.php?rest_route=\/wp\/v2\/types\/page"}],"author":[{"embeddable":true,"href":"https:\/\/atastekstil.com\/index.php?rest_route=\/wp\/v2\/users\/1"}],"replies":[{"embeddable":true,"href":"https:\/\/atastekstil.com\/index.php?rest_route=%2Fwp%2Fv2%2Fcomments&post=2"}],"version-history":[{"count":11,"href":"https:\/\/atastekstil.com\/index.php?rest_route=\/wp\/v2\/pages\/2\/revisions"}],"predecessor-version":[{"id":37,"href":"https:\/\/atastekstil.com\/index.php?rest_route=\/wp\/v2\/pages\/2\/revisions\/37"}],"wp:attachment":[{"href":"https:\/\/atastekstil.com\/index.php?rest_route=%2Fwp%2Fv2%2Fmedia&parent=2"}],"curies":[{"name":"wp","href":"https:\/\/api.w.org\/{rel}","templated":true}]}}